{"id":757,"date":"2024-10-17T08:53:26","date_gmt":"2024-10-17T06:53:26","guid":{"rendered":"https:\/\/www.consultateleco.es\/inicio\/?page_id=757"},"modified":"2024-11-13T11:35:16","modified_gmt":"2024-11-13T10:35:16","slug":"calculadora-controles-teleco","status":"publish","type":"page","link":"https:\/\/www.consultateleco.es\/inicio\/calculadora-controles-teleco\/","title":{"rendered":"Calculadora Controles Teleco"},"content":{"rendered":"\t\t<div data-elementor-type=\"wp-page\" data-elementor-id=\"757\" class=\"elementor elementor-757\">\n\t\t\t\t\t\t\t\t\t<section class=\"elementor-section elementor-top-section elementor-element elementor-element-3c27616f elementor-section-content-middle column-gap-xl padding-top-xl elementor-section-boxed elementor-section-height-default elementor-section-height-default\" data-id=\"3c27616f\" data-element_type=\"section\">\n\t\t\t\t\t\t<div class=\"elementor-container elementor-column-gap-default\">\n\t\t\t\t\t<div class=\"elementor-column elementor-col-100 elementor-top-column elementor-element elementor-element-51794eda\" data-id=\"51794eda\" data-element_type=\"column\">\n\t\t\t<div class=\"elementor-widget-wrap elementor-element-populated\">\n\t\t\t\t\t\t\t\t<div class=\"elementor-element elementor-element-1eaf8f22 title-big  elementor-widget elementor-widget-heading\" data-id=\"1eaf8f22\" data-element_type=\"widget\" data-widget_type=\"heading.default\">\n\t\t\t\t<div class=\"elementor-widget-container\">\n\t\t\t<style>\/*! elementor - v3.15.0 - 02-08-2023 *\/\n.elementor-heading-title{padding:0;margin:0;line-height:1}.elementor-widget-heading .elementor-heading-title[class*=elementor-size-]>a{color:inherit;font-size:inherit;line-height:inherit}.elementor-widget-heading .elementor-heading-title.elementor-size-small{font-size:15px}.elementor-widget-heading .elementor-heading-title.elementor-size-medium{font-size:19px}.elementor-widget-heading .elementor-heading-title.elementor-size-large{font-size:29px}.elementor-widget-heading .elementor-heading-title.elementor-size-xl{font-size:39px}.elementor-widget-heading .elementor-heading-title.elementor-size-xxl{font-size:59px}<\/style><h1 class=\"elementor-heading-title elementor-size-default\">Calculadora Controles Teleco<\/h1>\t\t<\/div>\n\t\t\t\t<\/div>\n\t\t\t\t<div class=\"elementor-element elementor-element-2fa3ffb0 elementor-widget elementor-widget-text-editor\" data-id=\"2fa3ffb0\" data-element_type=\"widget\" data-widget_type=\"text-editor.default\">\n\t\t\t\t<div class=\"elementor-widget-container\">\n\t\t\t<style>\/*! elementor - v3.15.0 - 02-08-2023 *\/\n.elementor-widget-text-editor.elementor-drop-cap-view-stacked .elementor-drop-cap{background-color:#69727d;color:#fff}.elementor-widget-text-editor.elementor-drop-cap-view-framed .elementor-drop-cap{color:#69727d;border:3px solid;background-color:transparent}.elementor-widget-text-editor:not(.elementor-drop-cap-view-default) .elementor-drop-cap{margin-top:8px}.elementor-widget-text-editor:not(.elementor-drop-cap-view-default) .elementor-drop-cap-letter{width:1em;height:1em}.elementor-widget-text-editor .elementor-drop-cap{float:left;text-align:center;line-height:1;font-size:50px}.elementor-widget-text-editor .elementor-drop-cap-letter{display:inline-block}<\/style>\t\t\t\t<p>La presente herramienta pretende facilitar el uso de la <a href=\"https:\/\/www.juntadeandalucia.es\/organismos\/transformacioneconomicaindustriaconocimientoyuniversidades\/areas\/tic-telecomunicaciones\/paginas\/guia-despliegue-redes.html\" target=\"_blank\" rel=\"noopener\">Gu\u00eda de controles sobre el despliegue de redes de nueva generaci\u00f3n que corresponde a las entidades locales andaluzas<\/a>. Permite la r\u00e1pida obtenci\u00f3n de los controles que son de aplicaci\u00f3n sobre cada escenario de despliegue de redes seg\u00fan la mencionada gu\u00eda. Esta herramienta se encuentra actualizada a fecha de julio de 2024.<\/p>\t\t\t\t\t\t<\/div>\n\t\t\t\t<\/div>\n\t\t\t\t\t<\/div>\n\t\t<\/div>\n\t\t\t\t\t\t\t<\/div>\n\t\t<\/section>\n\t\t\t\t<section class=\"elementor-section elementor-top-section elementor-element elementor-element-7b6b3c1 elementor-section-boxed elementor-section-height-default elementor-section-height-default\" data-id=\"7b6b3c1\" data-element_type=\"section\">\n\t\t\t\t\t\t<div class=\"elementor-container elementor-column-gap-default\">\n\t\t\t\t\t<div class=\"elementor-column elementor-col-100 elementor-top-column elementor-element elementor-element-6efe2717\" data-id=\"6efe2717\" data-element_type=\"column\">\n\t\t\t<div class=\"elementor-widget-wrap elementor-element-populated\">\n\t\t\t\t\t\t\t\t<div class=\"elementor-element elementor-element-68af65d9 elementor-widget elementor-widget-heading\" data-id=\"68af65d9\" data-element_type=\"widget\" data-widget_type=\"heading.default\">\n\t\t\t\t<div class=\"elementor-widget-container\">\n\t\t\t<h2 class=\"elementor-heading-title elementor-size-default\">\u00bfC\u00f3mo se usa?<\/h2>\t\t<\/div>\n\t\t\t\t<\/div>\n\t\t\t\t<div class=\"elementor-element elementor-element-322967e7 elementor-widget elementor-widget-text-editor\" data-id=\"322967e7\" data-element_type=\"widget\" data-widget_type=\"text-editor.default\">\n\t\t\t\t<div class=\"elementor-widget-container\">\n\t\t\t\t\t\t\t<p>1 \u2013 Introduce los datos del despliegue.<br \/>2 \u2013 Pulsa Buscar.<br \/>3 \u2013 Se mostrar\u00e1n los resultados y las notas aclaratorias a los mismos.<br \/>4 \u2013 Limpiar datos (Resetear).<\/p>\t\t\t\t\t\t<\/div>\n\t\t\t\t<\/div>\n\t\t\t\t<div class=\"elementor-element elementor-element-31b0ec61 elementor-widget elementor-widget-heading\" data-id=\"31b0ec61\" data-element_type=\"widget\" data-widget_type=\"heading.default\">\n\t\t\t\t<div class=\"elementor-widget-container\">\n\t\t\t<h2 class=\"elementor-heading-title elementor-size-default\">\u00bfDefiniciones?<\/h2>\t\t<\/div>\n\t\t\t\t<\/div>\n\t\t\t\t<div class=\"elementor-element elementor-element-e1c55ad elementor-widget elementor-widget-text-editor\" data-id=\"e1c55ad\" data-element_type=\"widget\" data-widget_type=\"text-editor.default\">\n\t\t\t\t<div class=\"elementor-widget-container\">\n\t\t\t\t\t\t\t<p><strong>1 \u2013 Actuaciones de innovaci\u00f3n tecnol\u00f3gica o adaptaci\u00f3n t\u00e9cnica (Art. 49.11 Ley 11\/2022, de 28 de junio, General de Telecomunicaciones):<\/strong><br \/>Son aquellas que suponen la incorporaci\u00f3n de nuevo equipamiento o la realizaci\u00f3n de emisiones radioel\u00e9ctricas en nuevas bandas de frecuencias o con otras tecnolog\u00edas, sin cambiar la ubicaci\u00f3n de los elementos de soporte ni variar los elementos de obra civil y m\u00e1stil.<\/p><p><strong>2 \u2013 Punto de acceso inal\u00e1mbrico para peque\u00f1as \u00e1reas (SAWAP):<\/strong><br \/>Se define como un equipo de acceso a una red inal\u00e1mbrica de baja potencia con un tama\u00f1o reducido y corto alcance, utilizando un espectro bajo licencia o una combinaci\u00f3n de espectro bajo licencia y exento de licencia que puede formar parte de una red p\u00fablica de comunicaciones electr\u00f3nicas, que puede estar dotado de una o m\u00e1s antenas de bajo impacto visual, y que permite el acceso inal\u00e1mbrico de los usuarios a redes de comunicaciones electr\u00f3nicas con independencia de la topolog\u00eda de la red subyacente, sea m\u00f3vil o fija. (Anexo II definiciones de la Ley General de Telecomunicaciones)<\/p>\t\t\t\t\t\t<\/div>\n\t\t\t\t<\/div>\n\t\t\t\t\t<\/div>\n\t\t<\/div>\n\t\t\t\t\t\t\t<\/div>\n\t\t<\/section>\n\t\t\t\t<section class=\"elementor-section elementor-top-section elementor-element elementor-element-d1629f9 elementor-section-content-middle elementor-section-boxed elementor-section-height-default elementor-section-height-default\" data-id=\"d1629f9\" data-element_type=\"section\">\n\t\t\t\t\t\t<div class=\"elementor-container elementor-column-gap-default\">\n\t\t\t\t\t<div class=\"elementor-column elementor-col-100 elementor-top-column elementor-element elementor-element-12386c27\" data-id=\"12386c27\" data-element_type=\"column\">\n\t\t\t<div class=\"elementor-widget-wrap elementor-element-populated\">\n\t\t\t\t\t\t\t\t<div class=\"elementor-element elementor-element-5f4ff57e elementor-widget elementor-widget-shortcode\" data-id=\"5f4ff57e\" data-element_type=\"widget\" data-widget_type=\"shortcode.default\">\n\t\t\t\t<div class=\"elementor-widget-container\">\n\t\t\t\t\t<div class=\"elementor-shortcode\">\n<div class=\"cuerpo\">\n  \n  <!-- Opciones -->\n  <div class=\"opciones\">\n    <div class=\"opc\">\n      <div class=\"custom-select\">\n        <select id=\"actuacionesinnovacion\">\n          <option value=\"\">Actuaciones de innovaci\u00f3n tecnol\u00f3gica o adaptaci\u00f3n t\u00e9cnica<\/option>\n          <option value=\"z1\">No es una actuaci\u00f3n de innovaci\u00f3n y no es un despliegue de SAWAP<\/option>\n          <!--<option value=\"z5\">Es un despliegue de SAWAP y no impacta en PHA<\/option>\n          <option value=\"z4\">Es un despliegue de SAWAP e impacta en PHA<\/option>-->\n          <option value=\"z2\">Es una actuaci\u00f3n de innovaci\u00f3n tecnol\u00f3gica<\/option>\n          <!--<option value=\"z3\">S\u00ed es una actuaci\u00f3n de innovaci\u00f3n o es un despliegue de SAWAP e impacta en PHA<\/option>-->\n          <option value=\"z4\">Es un despliegue de SAWAP<\/option>\n        <\/select>\n        <div class=\"select-items select-hide\">\n          <div>No es una actuaci\u00f3n de innovaci\u00f3n y no es un despliegue de SAWAP<\/div>\n          <div>Es una actuaci\u00f3n de innovaci\u00f3n tecnol\u00f3gica<\/div><div>Es un despliegue de SAWAP<\/div>\n        <\/div>\n      <\/div>\n    <\/div>\n    <div class=\"opc\" id=\"opc3\">\n      <div class=\"custom-select\">\n        <select id=\"tipodominio\">\n          <option value=\"\">Titular del espacio<\/option>\n          <option value=\"c1\">Dominio P\u00fablico<\/option>\n          <option value=\"c2\">Propiedad privada<\/option>\n        <\/select>\n        <div class=\"select-items select-hide\">\n          <div>Dominio P\u00fablico<\/div>\n          <div>Propiedad privada<\/div>\n        <\/div>\n      <\/div>\n    <\/div>\n    <div class=\"opc\" id=\"opc2\">\n      <div class=\"custom-select\">\n        <select id=\"tiposuelo\">\n          <option value=\"\">Clasificaci\u00f3n del suelo<\/option>\n          <option value=\"b1\">Urbano<\/option>\n          <option value=\"b2\">R\u00fastico<\/option>\n        <\/select>\n        <div class=\"select-items select-hide\">\n          <div>Urbano<\/div>\n          <div>R\u00fastico<\/div>\n        <\/div>\n      <\/div>\n    <\/div>\n    <div class=\"opc\" id=\"opc1\" style=\"display: block;\">\n      <div class=\"custom-select\">\n        <select id=\"tipoimpacto\">\n          <option value=\"\">Supuestos especiales (despliegue en Bienes de Inter\u00e9s Cultural, Espacios Naturales Protegidos o instalaciones radioel\u00e9ctricas con una superficie superior a 300 m2)<\/option>\n          <option value=\"a1\">S\u00ed, el despliegue se encuentra en alguno de los supuestos especiales<\/option>\n          <option value=\"a2\">No, el despliegue no se encuentra en alguno de los supuestos especiales<\/option>\n          <!--<option value=\"a5\">Impacto en Terreno Forestal<\/option> -->\n          <!--<option value=\"a6\">Impacto en Terreno Forestal y PHA<\/option> -->\n        <\/select>\n        <div class=\"select-items select-hide\">\n          <div>S\u00ed, el despliegue se encuentra en alguno de los supuestos especiales<\/div>\n          <div>No, el despliegue no se encuentra en alguno de los supuestos especiales<\/div>\n        <\/div>\n      <\/div>\n    <\/div>\n    <div class=\"opc\" id=\"opc5\" style=\"display: block;\">\n      <div class=\"custom-select\">\n        <select id=\"despliegueedif\">\n          <!-- <option value=\"\">Despliegue en Edificaciones<\/option>-->\n          <option value=\"\">El despliegue tiene lugar en una Edificaci\u00f3n<\/option>\n          <option value=\"e1\">S\u00ed<\/option>\n          <option value=\"e4\">No, se trata de un despliegue aislado o independiente de una edificaci\u00f3n<\/option>\n          <!--<option value=\"e5\">En edificaciones - Supuesto General (Sup < 300 m2, NO impacta en\n              EENNPP ni en PHA)<\/option>\n          <option value=\"e6\">En edificaciones  - Supuestos Excepcionales (Sup > 300 m2, impacta en\n          EENNPP o en PHA)<\/option>\n\n          <option value=\"e2\">Fuera de edificacion - Supuesto General (Sup < 300 m2, NO impacta en\n                  EENNPP ni en PHA)<\/option>\n          <option value=\"e3\">Fuera de edificacion - Supuestos Excepcionales (Sup > 300 m2, impacta en\n              EENNPP o en PHA)<\/option> -->\n        <\/select>\n        <div class=\"select-items select-hide\">\n          <div>S\u00ed<\/div>\n          <div>No, se trata de un despliegue aislado o independiente de una edificaci\u00f3n<\/div>\n        <\/div>\n      <\/div>\n    <\/div>\n    <div hidden=\"\" class=\"opc\" id=\"opc4\">\n      <div class=\"custom-select\">\n        <select id=\"tipored\">\n          <option value=\"\">Tipo Red<\/option>\n          <option value=\"d1\">Red Cableada<\/option>\n          <option value=\"d2\">Red Inalambrica<\/option>\n        <\/select>\n        <div class=\"select-items select-hide\">\n          <div>Red Cableada<\/div>\n          <div>Red Inalambrica<\/div>\n        <\/div>\n      <\/div>\n    <\/div>\n      \n  <\/div>\n  <!-- \/\/-->\n\n  <div class=\"botones\">\n    <button class=\"button\" id=\"btnBuscar\">Buscar<\/button>\n    <button class=\"button-secondary\" id=\"btnReset\">Resetear<\/button>\n  <\/div>\n\n  <div class=\"resultado\">\n      <label for=\"txtarea\"><span>El m\u00e9todo de control recomendado en la gu\u00eda es\u2026<\/span><\/label>\n      <textarea id=\"txtarea\" class=\"result\">Pulse BUSCAR para obtener un resultado<\/textarea>\n  <\/div>\n\n  <div class=\"resultado\">\n    <label for=\"txtnotas\">\n      <span>Notas<\/span>\n      <span id=\"info_acronimo\"><img src='https:\/\/www.consultateleco.es\/media\/public\/calculadora-controles-logoinfo.svg' width=\"20\" height=\"20\">&nbsp;Glosario Acr\u00f3nimos<\/span>\n      <span id=\"info_normativa\"><img src='https:\/\/www.consultateleco.es\/media\/public\/calculadora-controles-logoinfo.svg' width=\"20\" height=\"20\">&nbsp;Glosario Normativa<\/span>\n    <\/label>\n    <textarea id=\"txtnotas\" class=\"result\"><\/textarea>\n  <\/div>\n<\/div><\/div>\n\t\t\t\t<\/div>\n\t\t\t\t<\/div>\n\t\t\t\t\t<\/div>\n\t\t<\/div>\n\t\t\t\t\t\t\t<\/div>\n\t\t<\/section>\n\t\t\t\t<section class=\"elementor-section elementor-top-section elementor-element elementor-element-30e1133d padding-bottom-xl padding-top-xl help-section margin-top-xl elementor-section-boxed elementor-section-height-default elementor-section-height-default\" data-id=\"30e1133d\" data-element_type=\"section\">\n\t\t\t\t\t\t<div class=\"elementor-container elementor-column-gap-default\">\n\t\t\t\t\t<div class=\"elementor-column elementor-col-100 elementor-top-column elementor-element elementor-element-487b843b\" data-id=\"487b843b\" data-element_type=\"column\">\n\t\t\t<div class=\"elementor-widget-wrap elementor-element-populated\">\n\t\t\t\t\t\t\t\t<section class=\"elementor-section elementor-inner-section elementor-element elementor-element-2a627395 elementor-section-boxed elementor-section-height-default elementor-section-height-default\" data-id=\"2a627395\" data-element_type=\"section\">\n\t\t\t\t\t\t<div class=\"elementor-container elementor-column-gap-default\">\n\t\t\t\t\t<div class=\"elementor-column elementor-col-66 elementor-inner-column elementor-element elementor-element-46f868e6\" data-id=\"46f868e6\" data-element_type=\"column\">\n\t\t\t<div class=\"elementor-widget-wrap elementor-element-populated\">\n\t\t\t\t\t\t\t\t<div class=\"elementor-element elementor-element-7c2ba496 title-with-line white-text elementor-widget elementor-widget-text-editor\" data-id=\"7c2ba496\" data-element_type=\"widget\" data-widget_type=\"text-editor.default\">\n\t\t\t\t<div class=\"elementor-widget-container\">\n\t\t\t\t\t\t\t<p>consulta teleco<\/p>\t\t\t\t\t\t<\/div>\n\t\t\t\t<\/div>\n\t\t\t\t<div class=\"elementor-element elementor-element-48a97623 title-big-blue elementor-widget elementor-widget-heading\" data-id=\"48a97623\" data-element_type=\"widget\" data-widget_type=\"heading.default\">\n\t\t\t\t<div class=\"elementor-widget-container\">\n\t\t\t<h2 class=\"elementor-heading-title elementor-size-default\">Te ayudamos en el camino<br> hacia la digitalizaci\u00f3n<\/h2>\t\t<\/div>\n\t\t\t\t<\/div>\n\t\t\t\t<div class=\"elementor-element elementor-element-48ca7cfd white-text elementor-widget elementor-widget-text-editor\" data-id=\"48ca7cfd\" data-element_type=\"widget\" data-widget_type=\"text-editor.default\">\n\t\t\t\t<div class=\"elementor-widget-container\">\n\t\t\t\t\t\t\t<p>Reg\u00edstrate en Consulta Teleco para solventar dudas, obtener asesoramiento personalizado, recibir informaci\u00f3n de inter\u00e9s y acceder a acciones formativas especializadas.<\/p>\t\t\t\t\t\t<\/div>\n\t\t\t\t<\/div>\n\t\t\t\t<div class=\"elementor-element elementor-element-32307b76 btn-blue elementor-widget elementor-widget-button\" data-id=\"32307b76\" data-element_type=\"widget\" data-widget_type=\"button.default\">\n\t\t\t\t<div class=\"elementor-widget-container\">\n\t\t\t\t\t<div class=\"elementor-button-wrapper\">\n\t\t\t<a class=\"elementor-button elementor-button-link elementor-size-sm\" href=\"\/registro\">\n\t\t\t\t\t\t<span class=\"elementor-button-content-wrapper\">\n\t\t\t\t\t\t<span class=\"elementor-button-text\">Reg\u00edstrate<\/span>\n\t\t<\/span>\n\t\t\t\t\t<\/a>\n\t\t<\/div>\n\t\t\t\t<\/div>\n\t\t\t\t<\/div>\n\t\t\t\t\t<\/div>\n\t\t<\/div>\n\t\t\t\t<div class=\"elementor-column elementor-col-33 elementor-inner-column elementor-element elementor-element-6de87e85\" data-id=\"6de87e85\" data-element_type=\"column\">\n\t\t\t<div class=\"elementor-widget-wrap\">\n\t\t\t\t\t\t\t\t\t<\/div>\n\t\t<\/div>\n\t\t\t\t\t\t\t<\/div>\n\t\t<\/section>\n\t\t\t\t\t<\/div>\n\t\t<\/div>\n\t\t\t\t\t\t\t<\/div>\n\t\t<\/section>\n\t\t\t\t\t\t\t<\/div>\n\t\t","protected":false},"excerpt":{"rendered":"<p>Calculadora Controles Teleco La presente herramienta pretende facilitar el uso de la Gu\u00eda de controles sobre el despliegue de redes de nueva generaci\u00f3n que corresponde a las entidades locales andaluzas. Permite la r\u00e1pida obtenci\u00f3n de los controles que son de aplicaci\u00f3n sobre cada escenario de despliegue de redes seg\u00fan la mencionada gu\u00eda. Esta herramienta se &hellip;<\/p>\n<p class=\"read-more\"> <a class=\"\" href=\"https:\/\/www.consultateleco.es\/inicio\/calculadora-controles-teleco\/\"> <span class=\"screen-reader-text\">Calculadora Controles Teleco<\/span> Leer m\u00e1s &raquo;<\/a><\/p>\n","protected":false},"author":12,"featured_media":0,"parent":0,"menu_order":0,"comment_status":"closed","ping_status":"closed","template":"","meta":{"site-sidebar-layout":"no-sidebar","site-content-layout":"page-builder","ast-global-header-display":"","ast-banner-title-visibility":"","ast-main-header-display":"","ast-hfb-above-header-display":"","ast-hfb-below-header-display":"","ast-hfb-mobile-header-display":"","site-post-title":"disabled","ast-breadcrumbs-content":"","ast-featured-img":"disabled","footer-sml-layout":"","theme-transparent-header-meta":"","adv-header-id-meta":"","stick-header-meta":"","header-above-stick-meta":"","header-main-stick-meta":"","header-below-stick-meta":"","footnotes":""},"_links":{"self":[{"href":"https:\/\/www.consultateleco.es\/inicio\/wp-json\/wp\/v2\/pages\/757"}],"collection":[{"href":"https:\/\/www.consultateleco.es\/inicio\/wp-json\/wp\/v2\/pages"}],"about":[{"href":"https:\/\/www.consultateleco.es\/inicio\/wp-json\/wp\/v2\/types\/page"}],"author":[{"embeddable":true,"href":"https:\/\/www.consultateleco.es\/inicio\/wp-json\/wp\/v2\/users\/12"}],"replies":[{"embeddable":true,"href":"https:\/\/www.consultateleco.es\/inicio\/wp-json\/wp\/v2\/comments?post=757"}],"version-history":[{"count":36,"href":"https:\/\/www.consultateleco.es\/inicio\/wp-json\/wp\/v2\/pages\/757\/revisions"}],"predecessor-version":[{"id":837,"href":"https:\/\/www.consultateleco.es\/inicio\/wp-json\/wp\/v2\/pages\/757\/revisions\/837"}],"wp:attachment":[{"href":"https:\/\/www.consultateleco.es\/inicio\/wp-json\/wp\/v2\/media?parent=757"}],"curies":[{"name":"wp","href":"https:\/\/api.w.org\/{rel}","templated":true}]}}